{"id":164,"date":"2022-12-12T10:34:38","date_gmt":"2022-12-12T09:34:38","guid":{"rendered":"http:\/\/www.macardenete.com\/desarrollo\/?page_id=164"},"modified":"2022-12-12T23:13:13","modified_gmt":"2022-12-12T22:13:13","slug":"documentos-de-trabajo","status":"publish","type":"page","link":"https:\/\/www.macardenete.com\/es\/publicaciones\/documentos-de-trabajo\/","title":{"rendered":"Documentos de trabajo"},"content":{"rendered":"      <div id=\"post-grid-lazy-187\" class=\"post-grid-lazy\"><img decoding=\"async\" alt=\"\" src=\"\" \/><\/div>\n    <script>\n      jQuery('#post-grid-lazy-187').ready(function($) {\n        $('#post-grid-lazy-187').fadeOut();\n        $('#post-grid-187   ').fadeIn();\n      })\n    <\/script>\n    <style type=\"text\/css\">\n      #post-grid-187 {\n        display: none;\n      }\n\n      .post-grid-lazy {\n        text-align: center;\n      }\n    <\/style>\n    <div data-options='{&quot;id&quot;:&quot;187&quot;,&quot;lazy_load&quot;:&quot;yes&quot;,&quot;masonry_enable&quot;:&quot;no&quot;,&quot;view_type&quot;:&quot;grid&quot;}' id=\"post-grid-187\" class=\"post-grid grid\">\n        <div class=\"grid-items\">\n      <div class=\"item item-4124 skin flat even 0 \">\n        <div class=\"layer-wrapper layout-102\">\n      <div class=\" element_1670265978613\"\n  id=\"\">\n  <div class=\"element element_1670276045419  excerpt \">\n  2024  <\/div>\n<div class=\"element element_1670266093034  title \">\n    <a target=\"_self\"\n    href=\"https:\/\/www.macardenete.com\/es\/publicacion\/equilibrio-general-y-analisis-input-output\/\">Equilibrio General y An\u00e1lisis Input-Output<\/a>\n\n  \n\n<\/div>\n<\/div>\n<hr class=\"element element_1670882918442  hr \">\n<\/hr>\n    <\/div>\n  <\/div><div class=\"item item-639 skin flat odd 1 \">\n        <div class=\"layer-wrapper layout-102\">\n      <div class=\" element_1670265978613\"\n  id=\"\">\n  <div class=\"element element_1670276045419  excerpt \">\n  2018  <\/div>\n<div class=\"element element_1670266093034  title \">\n    <a target=\"_self\"\n    href=\"https:\/\/www.macardenete.com\/es\/publicacion\/impacto-economico-del-emprendimiento-en-una-economia-regional-el-caso-de-andalucia\/\">Impacto Econ\u00f3mico del Emprendimiento en una Econom\u00eda Regional: el caso de Andaluc\u00eda<\/a>\n\n  \n\n<\/div>\n<\/div>\n<hr class=\"element element_1670882918442  hr \">\n<\/hr>\n    <\/div>\n  <\/div><div class=\"item item-638 skin flat even 2 \">\n        <div class=\"layer-wrapper layout-102\">\n      <div class=\" element_1670265978613\"\n  id=\"\">\n  <div class=\"element element_1670276045419  excerpt \">\n  2017  <\/div>\n<div class=\"element element_1670266093034  title \">\n    <a target=\"_self\"\n    href=\"https:\/\/www.macardenete.com\/es\/publicacion\/como-se-ha-comportado-el-turismo-en-andalucia-en-la-crisis-economica-reflexiones-sobre-turismo-sostenible-y-desarrollo-regional\/\">\u00bfComo se ha comportado el turismo en Andaluc\u00eda en la crisis econ\u00f3mica? Reflexiones sobre turismo sostenible y desarrollo regional<\/a>\n\n  \n\n<\/div>\n<\/div>\n<hr class=\"element element_1670882918442  hr \">\n<\/hr>\n    <\/div>\n  <\/div><div class=\"item item-637 skin flat odd 3 \">\n        <div class=\"layer-wrapper layout-102\">\n      <div class=\" element_1670265978613\"\n  id=\"\">\n  <div class=\"element element_1670276045419  excerpt \">\n  2017  <\/div>\n<div class=\"element element_1670266093034  title \">\n    <a target=\"_self\"\n    href=\"https:\/\/www.macardenete.com\/es\/publicacion\/medicion-de-los-efectos-de-un-aumento-del-20-de-las-tarifas-de-estados-unidos-sobre-la-economia-mexicana-a-traves-de-modelizacion-multisectorial\/\">Medici\u00f3n de los efectos de un aumento del 20% de las tarifas de Estados Unidos sobre la econom\u00eda mexicana a...<\/a>\n\n  \n\n<\/div>\n<\/div>\n<hr class=\"element element_1670882918442  hr \">\n<\/hr>\n    <\/div>\n  <\/div><div class=\"item item-636 skin flat even 4 \">\n        <div class=\"layer-wrapper layout-102\">\n      <div class=\" element_1670265978613\"\n  id=\"\">\n  <div class=\"element element_1670276045419  excerpt \">\n  2017  <\/div>\n<div class=\"element element_1670266093034  title \">\n    <a target=\"_self\"\n    href=\"https:\/\/www.macardenete.com\/es\/publicacion\/a-multiplier-evaluation-of-primary-factors-supply-shocks\/\">A Multiplier Evaluation of Primary Factors Supply-Shocks<\/a>\n\n  \n\n<\/div>\n<\/div>\n<hr class=\"element element_1670882918442  hr \">\n<\/hr>\n    <\/div>\n  <\/div><div class=\"item item-635 skin flat odd 5 \">\n        <div class=\"layer-wrapper layout-102\">\n      <div class=\" element_1670265978613\"\n  id=\"\">\n  <div class=\"element element_1670276045419  excerpt \">\n  2016  <\/div>\n<div class=\"element element_1670266093034  title \">\n    <a target=\"_self\"\n    href=\"https:\/\/www.macardenete.com\/es\/publicacion\/intraregional-and-extraregional-liberalization-trade-in-centroamerica-wp-loyolaecon-3-2016-with-p-caldentey-a-cristobal-and-o-nekhay\/\">Intraregional and Extraregional Liberalization Trade in Centroamerica<\/a>\n\n  \n\n<\/div>\n<\/div>\n<hr class=\"element element_1670882918442  hr \">\n<\/hr>\n    <\/div>\n  <\/div><div class=\"item item-634 skin flat even 6 \">\n        <div class=\"layer-wrapper layout-102\">\n      <div class=\" element_1670265978613\"\n  id=\"\">\n  <div class=\"element element_1670276045419  excerpt \">\n  2016  <\/div>\n<div class=\"element element_1670266093034  title \">\n    <a target=\"_self\"\n    href=\"https:\/\/www.macardenete.com\/es\/publicacion\/effects-of-a-reduction-employers-social-security-contribution-an-evidence-in-spain\/\">Effects of a Reduction Employer\u2019s Social Security Contribution: An Evidence in Spain<\/a>\n\n  \n\n<\/div>\n<\/div>\n<hr class=\"element element_1670882918442  hr \">\n<\/hr>\n    <\/div>\n  <\/div><div class=\"item item-633 skin flat odd 7 \">\n        <div class=\"layer-wrapper layout-102\">\n      <div class=\" element_1670265978613\"\n  id=\"\">\n  <div class=\"element element_1670276045419  excerpt \">\n  2015  <\/div>\n<div class=\"element element_1670266093034  title \">\n    <a target=\"_self\"\n    href=\"https:\/\/www.macardenete.com\/es\/publicacion\/rural-urban-social-accounting-matrices-for-modelling-the-impact-of-rural-development-policies-in-the-eu\/\">Rural-Urban Social Accounting Matrices for Modelling the Impact of Rural Development Policies in the EU<\/a>\n\n  \n\n<\/div>\n<\/div>\n<hr class=\"element element_1670882918442  hr \">\n<\/hr>\n    <\/div>\n  <\/div><div class=\"item item-632 skin flat even 8 \">\n        <div class=\"layer-wrapper layout-102\">\n      <div class=\" element_1670265978613\"\n  id=\"\">\n  <div class=\"element element_1670276045419  excerpt \">\n  2014  <\/div>\n<div class=\"element element_1670266093034  title \">\n    <a target=\"_self\"\n    href=\"https:\/\/www.macardenete.com\/es\/publicacion\/analysis-of-structural-changes-in-andalusian-economy-using-social-accounting-matrices\/\">Analysis of Structural Changes in Andalusian Economy using Social Accounting Matrices<\/a>\n\n  \n\n<\/div>\n<\/div>\n<hr class=\"element element_1670882918442  hr \">\n<\/hr>\n    <\/div>\n  <\/div><div class=\"item item-631 skin flat odd 9 \">\n        <div class=\"layer-wrapper layout-102\">\n      <div class=\" element_1670265978613\"\n  id=\"\">\n  <div class=\"element element_1670276045419  excerpt \">\n  2014  <\/div>\n<div class=\"element element_1670266093034  title \">\n    <a target=\"_self\"\n    href=\"https:\/\/www.macardenete.com\/es\/publicacion\/matriz-de-contabilidad-social-de-andalucia-2008-explotacion-y-analisis-a-partir-de-modelos-multisectoriales\/\">Matriz de Contabilidad Social de Andalucia 2008. Explotaci\u00f3n y An\u00e1lisis a partir de Modelos Multisectoriales<\/a>\n\n  \n\n<\/div>\n<\/div>\n<hr class=\"element element_1670882918442  hr \">\n<\/hr>\n    <\/div>\n  <\/div><div class=\"item item-630 skin flat even 10 \">\n        <div class=\"layer-wrapper layout-102\">\n      <div class=\" element_1670265978613\"\n  id=\"\">\n  <div class=\"element element_1670276045419  excerpt \">\n  2013  <\/div>\n<div class=\"element element_1670266093034  title \">\n    <a target=\"_self\"\n    href=\"https:\/\/www.macardenete.com\/es\/publicacion\/impact-assessment-of-european-funds-in-andalusia-2007-2013-a-cge-approach\/\">Impact Assessment of European Funds in Andalusia 2007-2013, a CGE Approach<\/a>\n\n  \n\n<\/div>\n<\/div>\n<hr class=\"element element_1670882918442  hr \">\n<\/hr>\n    <\/div>\n  <\/div><div class=\"item item-629 skin flat odd 11 \">\n        <div class=\"layer-wrapper layout-102\">\n      <div class=\" element_1670265978613\"\n  id=\"\">\n  <div class=\"element element_1670276045419  excerpt \">\n  2013  <\/div>\n<div class=\"element element_1670266093034  title \">\n    <a target=\"_self\"\n    href=\"https:\/\/www.macardenete.com\/es\/publicacion\/economic-growth-in-the-euromed-area-through-trade-integration-focus-on-agriculture-and-food-north-africa-case-studies-egypt-morocco-tunisia\/\">Economic Growth in the EUROMED Area through Trade Integration: Focus on Agriculture and Food. North Africa Case Studies: Egypt-Morocco-Tunisia<\/a>\n\n  \n\n<\/div>\n<\/div>\n<hr class=\"element element_1670882918442  hr \">\n<\/hr>\n    <\/div>\n  <\/div><div class=\"item item-628 skin flat even 12 \">\n        <div class=\"layer-wrapper layout-102\">\n      <div class=\" element_1670265978613\"\n  id=\"\">\n  <div class=\"element element_1670276045419  excerpt \">\n  2013  <\/div>\n<div class=\"element element_1670266093034  title \">\n    <a target=\"_self\"\n    href=\"https:\/\/www.macardenete.com\/es\/publicacion\/the-rural-urban-spillovers-of-eu-structural-policies-in-cordoba-spain\/\">The Rural-Urban Spillovers of EU Structural Policies in Cordoba, Spain<\/a>\n\n  \n\n<\/div>\n<\/div>\n<hr class=\"element element_1670882918442  hr \">\n<\/hr>\n    <\/div>\n  <\/div><div class=\"item item-627 skin flat odd 13 \">\n        <div class=\"layer-wrapper layout-102\">\n      <div class=\" element_1670265978613\"\n  id=\"\">\n  <div class=\"element element_1670276045419  excerpt \">\n  2012  <\/div>\n<div class=\"element element_1670266093034  title \">\n    <a target=\"_self\"\n    href=\"https:\/\/www.macardenete.com\/es\/publicacion\/an-approach-to-describe-the-agri-food-and-othe-bio-based-sectors-in-the-european-union-focus-on-spain-european-commission\/\">An Approach to Describe the Agri-food and othe Bio-based Sectors in the European Union. Focus on Spain, European Commission<\/a>\n\n  \n\n<\/div>\n<\/div>\n<hr class=\"element element_1670882918442  hr \">\n<\/hr>\n    <\/div>\n  <\/div><div class=\"item item-626 skin flat even 14 \">\n        <div class=\"layer-wrapper layout-102\">\n      <div class=\" element_1670265978613\"\n  id=\"\">\n  <div class=\"element element_1670276045419  excerpt \">\n  2012  <\/div>\n<div class=\"element element_1670266093034  title \">\n    <a target=\"_self\"\n    href=\"https:\/\/www.macardenete.com\/es\/publicacion\/impacto-economico-sobre-la-economia-andaluza-de-la-previsible-reduccion-en-la-percepcion-de-fondos-europeos-a-traves-de-un-modelo-de-equilibrio-general-aplicado-dinamico-2014-2020\/\">Impacto Econ\u00f3mico sobre la econom\u00eda andaluza de la previsible reducci\u00f3n en la percepci\u00f3n de Fondos Europeos a trav\u00e9s de un...<\/a>\n\n  \n\n<\/div>\n<\/div>\n<hr class=\"element element_1670882918442  hr \">\n<\/hr>\n    <\/div>\n  <\/div><div class=\"item item-625 skin flat odd 15 \">\n        <div class=\"layer-wrapper layout-102\">\n      <div class=\" element_1670265978613\"\n  id=\"\">\n  <div class=\"element element_1670276045419  excerpt \">\n  2012  <\/div>\n<div class=\"element element_1670266093034  title \">\n    <a target=\"_self\"\n    href=\"https:\/\/www.macardenete.com\/es\/publicacion\/analysis-of-the-impact-of-the-european-structural-funds-in-andalusia-between-2000-and-2006-using-the-2005-sam\/\">Analysis of the Impact of the European Structural Funds in Andalusia between 2000 and 2006 using the 2005 SAM<\/a>\n\n  \n\n<\/div>\n<\/div>\n<hr class=\"element element_1670882918442  hr \">\n<\/hr>\n    <\/div>\n  <\/div><div class=\"item item-624 skin flat even 16 \">\n        <div class=\"layer-wrapper layout-102\">\n      <div class=\" element_1670265978613\"\n  id=\"\">\n  <div class=\"element element_1670276045419  excerpt \">\n  2012  <\/div>\n<div class=\"element element_1670266093034  title \">\n    <a target=\"_self\"\n    href=\"https:\/\/www.macardenete.com\/es\/publicacion\/validating-policy-induced-economic-change-using-sequential-general-equilibrim-sams\/\">Validating Policy Induced Economic Change Using Sequential General Equilibrim SAMs<\/a>\n\n  \n\n<\/div>\n<\/div>\n<hr class=\"element element_1670882918442  hr \">\n<\/hr>\n    <\/div>\n  <\/div><div class=\"item item-623 skin flat odd 17 \">\n        <div class=\"layer-wrapper layout-102\">\n      <div class=\" element_1670265978613\"\n  id=\"\">\n  <div class=\"element element_1670276045419  excerpt \">\n  2010  <\/div>\n<div class=\"element element_1670266093034  title \">\n    <a target=\"_self\"\n    href=\"https:\/\/www.macardenete.com\/es\/publicacion\/the-role-fo-supply-constraints-in-multiplier-analysis-wp-80510-2010\/\">The role fo supply constraints in multiplier analysis, WP 80510-2010<\/a>\n\n  \n\n<\/div>\n<\/div>\n<hr class=\"element element_1670882918442  hr \">\n<\/hr>\n    <\/div>\n  <\/div>    <\/div>\n    <div class=\"pagination\">\n      <div class=\"paginate\">\n      <\/div>\n  <style type=\"text\/css\">\n    #post-grid-187 .pagination .page-numbers {\n      font-size: 16px;\n      color: #fff;\n      background: #646464;\n    }\n\n    #post-grid-187 .pagination .page-numbers:hover,\n    #post-grid-187 .pagination .page-numbers.current {\n      background: #4b4b4b;\n    }\n  <\/style>\n  <\/div>\n  <style type=\"text\/css\">\n  .layout-102 .element_1670265978613 {\n      }\n\n    <\/style>\n  <style type=\"text\/css\">\n.layout-102 .element_1670276045419 {\n  font-size: 15px;\n  margin: 10px 0;\n  text-align: left;\n  }\n\n.layout-102 .element_1670276045419 a {\n  font-size: 15px;\n  }\n<\/style>\n<style type=\"text\/css\">\n.layout-102 .element_1670266093034 {\n  font-size: 20px;\n  margin: 10px 0;\n  text-align: left;\n  }\n\n.layout-102 .element_1670266093034 a {\n  font-size: 20px;\n  margin: 10px 0;\n  text-align: left;\n  }\n<\/style>\n<style type=\"text\/css\">\n.layout-102 .element_1670882918442 {\n  margin: 25px 0px;\n  }\n\n<\/style>\n\n\n  \n\n    <script>\n          <\/script>\n    <style type=\"text\/css\">\n    #post-grid-187 {\n      padding: 10px;\n          }\n\n    #post-grid-187 .item {\n      padding: 0px;\n      background: #fff;\n          }\n\n    #post-grid-187 .item .layer-media {\n      height:auto;    }\n\n    @media only screen and (min-width: 0px) and (max-width: 767px) {\n      #post-grid-187 .grid-items {\n        display: grid;\n        grid-template-columns: 1fr ;\n        column-gap: 10px;\n        row-gap: 10px;\n              }\n\n      #post-grid-187 .item {\n        height:auto;      }\n    }\n\n    @media only screen and (min-width: 768px) and (max-width: 1023px) {\n      #post-grid-187 .grid-items {\n        display: grid;\n        grid-template-columns: 1fr ;\n        column-gap: 10px;\n        row-gap: 10px;\n              }\n\n      #post-grid-187 .item {\n        max-height:auto;      }\n    }\n\n    @media only screen and (min-width: 1024px) {\n      #post-grid-187 .grid-items {\n        display: grid;\n        grid-template-columns: 1fr ;\n        column-gap: 10px;\n        row-gap: 10px;\n              }\n\n      #post-grid-187 .item {\n        height:auto;      }\n    }\n\n      <\/style>\n  <\/div>\n\n","protected":false},"excerpt":{"rendered":"<a class=\"btn btn-primary read-more-button\" href=\"https:\/\/www.macardenete.com\/es\/publicacion\/the-role-fo-supply-constraints-in-multiplier-analysis-wp-80510-2010\/\">Leer m\u00e1s...<\/a>","protected":false},"author":1,"featured_media":0,"parent":9,"menu_order":0,"comment_status":"closed","ping_status":"closed","template":"pages-templates\/left-sidebar.php","meta":{"_acf_changed":false,"pgc_meta":"","inline_featured_image":false,"footnotes":""},"class_list":["post-164","page","type-page","status-publish","hentry"],"acf":[],"pgc_meta":"","jetpack_sharing_enabled":true,"_links":{"self":[{"href":"https:\/\/www.macardenete.com\/es\/wp-json\/wp\/v2\/pages\/164","targetHints":{"allow":["GET"]}}],"collection":[{"href":"https:\/\/www.macardenete.com\/es\/wp-json\/wp\/v2\/pages"}],"about":[{"href":"https:\/\/www.macardenete.com\/es\/wp-json\/wp\/v2\/types\/page"}],"author":[{"embeddable":true,"href":"https:\/\/www.macardenete.com\/es\/wp-json\/wp\/v2\/users\/1"}],"replies":[{"embeddable":true,"href":"https:\/\/www.macardenete.com\/es\/wp-json\/wp\/v2\/comments?post=164"}],"version-history":[{"count":2,"href":"https:\/\/www.macardenete.com\/es\/wp-json\/wp\/v2\/pages\/164\/revisions"}],"predecessor-version":[{"id":188,"href":"https:\/\/www.macardenete.com\/es\/wp-json\/wp\/v2\/pages\/164\/revisions\/188"}],"up":[{"embeddable":true,"href":"https:\/\/www.macardenete.com\/es\/wp-json\/wp\/v2\/pages\/9"}],"wp:attachment":[{"href":"https:\/\/www.macardenete.com\/es\/wp-json\/wp\/v2\/media?parent=164"}],"curies":[{"name":"wp","href":"https:\/\/api.w.org\/{rel}","templated":true}]}}