{"id":15,"date":"2022-12-01T15:54:52","date_gmt":"2022-12-01T15:54:52","guid":{"rendered":"http:\/\/www.macardenete.com\/desarrollo\/?page_id=15"},"modified":"2022-12-23T17:36:01","modified_gmt":"2022-12-23T16:36:01","slug":"noticias","status":"publish","type":"page","link":"https:\/\/www.macardenete.com\/es\/noticias\/","title":{"rendered":"Noticias"},"content":{"rendered":"<div class=\"container-fluid pagina-noticias\">\n<div class=\"row\">\n<div class=\"col-md-12 noticia-destacada mb-5 p-0\">\n      <div id=\"post-grid-lazy-316\" class=\"post-grid-lazy\"><img decoding=\"async\" alt=\"\" src=\"\" \/><\/div>\n    <script>\n      jQuery('#post-grid-lazy-316').ready(function($) {\n        $('#post-grid-lazy-316').fadeOut();\n        $('#post-grid-316   ').fadeIn();\n      })\n    <\/script>\n    <style type=\"text\/css\">\n      #post-grid-316 {\n        display: none;\n      }\n\n      .post-grid-lazy {\n        text-align: center;\n      }\n    <\/style>\n    <div data-options='{&quot;id&quot;:&quot;316&quot;,&quot;lazy_load&quot;:&quot;yes&quot;,&quot;masonry_enable&quot;:&quot;no&quot;,&quot;view_type&quot;:&quot;grid&quot;}' id=\"post-grid-316\" class=\"post-grid grid\">\n        <div class=\"grid-items\">\n      <div class=\"item item-3681 skin flat even 0 \">\n        <div class=\"layer-wrapper layout-317\">\n      <div class=\" col-md-6 p-0 element_1671813448844\"\n  id=\"\">\n  <div\n  class=\"element element_1671813010075  element-media \">\n  <a target=\"_self\" href=\"https:\/\/www.macardenete.com\/es\/el-profesor-cardenete-impartira-un-modulo-sobre-io-y-matices-de-contabilidad-social-en-la-escuela-internacional-de-input-output\/\"><img loading=\"lazy\" decoding=\"async\" width=\"640\" height=\"426\" src=\"https:\/\/www.macardenete.com\/wp-content\/uploads\/2023\/03\/ivan-ragozin-G5MRCi0qRog-unsplash-1024x682.jpg\" class=\"attachment-large size-large wp-post-image\" alt=\"\" srcset=\"https:\/\/www.macardenete.com\/wp-content\/uploads\/2023\/03\/ivan-ragozin-G5MRCi0qRog-unsplash-1024x682.jpg 1024w, https:\/\/www.macardenete.com\/wp-content\/uploads\/2023\/03\/ivan-ragozin-G5MRCi0qRog-unsplash-300x200.jpg 300w, https:\/\/www.macardenete.com\/wp-content\/uploads\/2023\/03\/ivan-ragozin-G5MRCi0qRog-unsplash-768x512.jpg 768w, https:\/\/www.macardenete.com\/wp-content\/uploads\/2023\/03\/ivan-ragozin-G5MRCi0qRog-unsplash-1536x1023.jpg 1536w, https:\/\/www.macardenete.com\/wp-content\/uploads\/2023\/03\/ivan-ragozin-G5MRCi0qRog-unsplash-2048x1364.jpg 2048w\" sizes=\"auto, (max-width: 640px) 100vw, 640px\" \/><\/a>\n\n<\/div>\n<\/div>\n<div class=\"col-md-6 p-5 element_1671812999739\"\n  id=\"\">\n  <div class=\"element element_1671813065602  categories \">\n  <a target=\"_self\" href=\"https:\/\/www.macardenete.com\/es\/category\/destacado\/\">Destacado<\/a><a target=\"_self\" href=\"https:\/\/www.macardenete.com\/es\/category\/noticias\/\">Noticias<\/a><\/div>\n<div class=\"element element_1671813037339  title_link \">\n    <a target=\"_self\"\n    href=\"https:\/\/www.macardenete.com\/es\/el-profesor-cardenete-impartira-un-modulo-sobre-io-y-matices-de-contabilidad-social-en-la-escuela-internacional-de-input-output\/\">El Profesor Cardenete impartir\u00e1 un m\u00f3dulo sobre IO y Matices de Contabilidad Social en la Escuela Internacional de Input-Output este mes de junio<\/a>\n  <\/div>\n<div class=\"element element_1673257921990  excerpt \">\n  El Profesor Cardenete impartir\u00e1 un m\u00f3dulo sobre Input-Output y Matices de Contabilidad Social en la Escuela de Input-Output que se  <\/div>\n<a class=\"element element_1673257939035  read_more \"\n  target=\"_self\"\n  href=\"https:\/\/www.macardenete.com\/es\/el-profesor-cardenete-impartira-un-modulo-sobre-io-y-matices-de-contabilidad-social-en-la-escuela-internacional-de-input-output\/\">Leer m\u00e1s<\/a>\n\n<\/div>\n    <\/div>\n  <\/div>    <\/div>\n    <style type=\"text\/css\">\n  .layout-317 .element_1671813448844 {\n      }\n\n    <\/style>\n  <style type=\"text\/css\">\n.layout-317 .element_1671813010075 {\n  overflow: hidden;\n  }\n\n.layout-317 .element_1671813010075 img {\n  max-width: 100%;\n  height: auto;\n}\n\n@media only screen and (min-width: 1024px) {\n  .layout-317 .element_1671813010075 {\n    height: auto;\n      }\n}\n\n@media only screen and (min-width: 768px) and (max-width: 1023px) {\n  .layout-317 .element_1671813010075 {\n    height: auto;\n      }\n}\n\n@media only screen and (min-width: 0px) and (max-width: 767px) {\n  .layout-317 .element_1671813010075 {\n    height: auto;\n      }\n}\n<\/style>\n  <style type=\"text\/css\">\n  .layout-317 .element_1671812999739 {\n      }\n\n    <\/style>\n  <style type=\"text\/css\">\n.layout-317 .element_1671813065602 {\n  text-align: left;\n  }\n\n.layout-317 .element_1671813065602 a {\n  }\n\n<\/style>\n<style type=\"text\/css\">\n.layout-317 .element_1671813037339 {\n  text-align: left;\n  }\n\n.layout-317 .element_1671813037339 a {\n  }\n<\/style>\n<style type=\"text\/css\">\n.layout-317 .element_1673257921990 {\n  font-size: 15px;\n  margin: 10px 0;\n  text-align: left;\n  }\n\n.layout-317 .element_1673257921990 a {\n  font-size: 15px;\n  }\n<\/style>\n<style type=\"text\/css\">\n.layout-317 .element_1673257939035 {\n  text-align: left;\n  }\n\n.layout-317 .element_1673257939035 a {\n  }\n<\/style>\n\n\n  \n\n    <script>\n          <\/script>\n    <style type=\"text\/css\">\n    #post-grid-316 {\n      padding: 10px;\n          }\n\n    #post-grid-316 .item {\n      padding: 0px;\n      background: #fff;\n          }\n\n    #post-grid-316 .item .layer-media {\n      height:auto;    }\n\n    @media only screen and (min-width: 0px) and (max-width: 767px) {\n      #post-grid-316 .grid-items {\n        display: grid;\n        grid-template-columns: 1fr ;\n        column-gap: 10px;\n        row-gap: 10px;\n              }\n\n      #post-grid-316 .item {\n        height:auto;      }\n    }\n\n    @media only screen and (min-width: 768px) and (max-width: 1023px) {\n      #post-grid-316 .grid-items {\n        display: grid;\n        grid-template-columns: 1fr ;\n        column-gap: 10px;\n        row-gap: 10px;\n              }\n\n      #post-grid-316 .item {\n        max-height:auto;      }\n    }\n\n    @media only screen and (min-width: 1024px) {\n      #post-grid-316 .grid-items {\n        display: grid;\n        grid-template-columns: 1fr ;\n        column-gap: 10px;\n        row-gap: 10px;\n              }\n\n      #post-grid-316 .item {\n        height:auto;      }\n    }\n\n      <\/style>\n  <\/div>\n\n<\/div>\n<div class=\"col-md-1\"><\/div>\n<div class=\"col-md-10 grid-noticias\">\n      <div id=\"post-grid-lazy-311\" class=\"post-grid-lazy\"><img decoding=\"async\" alt=\"\" src=\"\" \/><\/div>\n    <script>\n      jQuery('#post-grid-lazy-311').ready(function($) {\n        $('#post-grid-lazy-311').fadeOut();\n        $('#post-grid-311   ').fadeIn();\n      })\n    <\/script>\n    <style type=\"text\/css\">\n      #post-grid-311 {\n        display: none;\n      }\n\n      .post-grid-lazy {\n        text-align: center;\n      }\n    <\/style>\n    <div data-options='{&quot;id&quot;:&quot;311&quot;,&quot;lazy_load&quot;:&quot;yes&quot;,&quot;masonry_enable&quot;:&quot;no&quot;,&quot;view_type&quot;:&quot;grid&quot;}' id=\"post-grid-311\" class=\"post-grid grid\">\n        <div class=\"grid-items\">\n      <div class=\"item item-4173 skin flat even 0 \">\n        <div class=\"layer-wrapper layout-143\">\n      <div class=\" element_1670406359813\"\n  id=\"\">\n  <div class=\"element element_1670406387751  thumb \">\n    <img decoding=\"async\" alt=\"\" src=\"https:\/\/www.macardenete.com\/wp-content\/uploads\/2025\/05\/e0eead16-adf3-42f6-92b6-7d9674a27612-1024x577.jpeg\">\n  \n\n<\/div>\n<div class=\"element element_1670406365206  title \">\n    <a target=\"_self\"\n    href=\"https:\/\/www.macardenete.com\/es\/seminario-de-doctorado-en-la-universidad-de-macerata-italia\/\">Seminario de Doctorado en la Universidad de Macerata (Italia)<\/a>\n\n  \n\n<\/div>\n<\/div>\n    <\/div>\n  <\/div><div class=\"item item-4133 skin flat odd 1 \">\n        <div class=\"layer-wrapper layout-143\">\n      <div class=\" element_1670406359813\"\n  id=\"\">\n  <div class=\"element element_1670406387751  thumb \">\n    <img decoding=\"async\" alt=\"\" src=\"https:\/\/www.macardenete.com\/wp-content\/uploads\/2024\/10\/b2299302-616e-46e1-a7e6-b5778a4046b9-660x1024.jpeg\">\n  \n\n<\/div>\n<div class=\"element element_1670406365206  title \">\n    <a target=\"_self\"\n    href=\"https:\/\/www.macardenete.com\/es\/conferencia-magistral-sobe-evaluacion-de-politicas-publicas-en-el-cide-mexico-2024\/\">Conferencia Magistral sobre Evaluaci\u00f3n de Politicas P\u00fablicas en el CIDE (M\u00e9xico), 2024<\/a>\n\n  \n\n<\/div>\n<\/div>\n    <\/div>\n  <\/div><div class=\"item item-3752 skin flat even 2 \">\n        <div class=\"layer-wrapper layout-143\">\n      <div class=\" element_1670406359813\"\n  id=\"\">\n  <div class=\"element element_1670406387751  thumb \">\n    <img decoding=\"async\" alt=\"\" src=\"https:\/\/www.macardenete.com\/wp-content\/uploads\/2023\/05\/9B6BCFCA-C6DF-444F-831F-457CBF324DE6-1024x768.jpeg\">\n  \n\n<\/div>\n<div class=\"element element_1670406365206  title \">\n    <a target=\"_self\"\n    href=\"https:\/\/www.macardenete.com\/es\/el-profesor-cardenete-participa-en-la-presentacion-del-informe-de-fiscalidad-local-en-andalucia\/\">El Profesor Cardenete participa en la presentaci\u00f3n del Informe de Fiscalidad Local en Andaluc\u00eda<\/a>\n\n  \n\n<\/div>\n<\/div>\n    <\/div>\n  <\/div><div class=\"item item-3704 skin flat odd 3 \">\n        <div class=\"layer-wrapper layout-143\">\n      <div class=\" element_1670406359813\"\n  id=\"\">\n  <div class=\"element element_1670406387751  thumb \">\n    <img decoding=\"async\" alt=\"\" src=\"https:\/\/www.macardenete.com\/wp-content\/uploads\/2023\/04\/CE3C5EBD-3141-4E43-B596-06FCAB4356C1.jpeg\">\n  \n\n<\/div>\n<div class=\"element element_1670406365206  title \">\n    <a target=\"_self\"\n    href=\"https:\/\/www.macardenete.com\/es\/presentaremos-en-la-universidad-rey-juan-carlos-un-estudio-sobre-el-impacto-de-la-sequia-en-andalucia\/\">Presentaremos en la Universidad Rey Juan Carlos un estudio sobre el impacto de la sequ\u00eda en Espa\u00f1a<\/a>\n\n  \n\n<\/div>\n<\/div>\n    <\/div>\n  <\/div><div class=\"item item-3681 skin flat even 4 \">\n        <div class=\"layer-wrapper layout-143\">\n      <div class=\" element_1670406359813\"\n  id=\"\">\n  <div class=\"element element_1670406387751  thumb \">\n    <img decoding=\"async\" alt=\"\" src=\"https:\/\/www.macardenete.com\/wp-content\/uploads\/2023\/03\/ivan-ragozin-G5MRCi0qRog-unsplash-1024x682.jpg\">\n  \n\n<\/div>\n<div class=\"element element_1670406365206  title \">\n    <a target=\"_self\"\n    href=\"https:\/\/www.macardenete.com\/es\/el-profesor-cardenete-impartira-un-modulo-sobre-io-y-matices-de-contabilidad-social-en-la-escuela-internacional-de-input-output\/\">El Profesor Cardenete impartir\u00e1 un m\u00f3dulo sobre IO y Matices de Contabilidad Social en la Escuela Internacional de Input-Output este...<\/a>\n\n  \n\n<\/div>\n<\/div>\n    <\/div>\n  <\/div>    <\/div>\n    <div class=\"pagination\">\n      <div class=\"paginate\">\n    <span aria-current=\"page\" class=\"page-numbers current\">1<\/span>\n<a class=\"page-numbers\" href=\"https:\/\/www.macardenete.com\/es\/wp-json\/wp\/v2\/pages\/15\/page\/2\/\">2<\/a>\n<a class=\"page-numbers\" href=\"https:\/\/www.macardenete.com\/es\/wp-json\/wp\/v2\/pages\/15\/page\/3\/\">3<\/a>\n<span class=\"page-numbers dots\">&hellip;<\/span>\n<a class=\"page-numbers\" href=\"https:\/\/www.macardenete.com\/es\/wp-json\/wp\/v2\/pages\/15\/page\/5\/\">5<\/a>\n<a class=\"next page-numbers\" href=\"https:\/\/www.macardenete.com\/es\/wp-json\/wp\/v2\/pages\/15\/page\/2\/\">\u00bb<\/a>  <\/div>\n  <style type=\"text\/css\">\n    #post-grid-311 .pagination .page-numbers {\n      font-size: 12px;\n      color: #fff;\n      background: #646464;\n    }\n\n    #post-grid-311 .pagination .page-numbers:hover,\n    #post-grid-311 .pagination .page-numbers.current {\n      background: #4b4b4b;\n    }\n  <\/style>\n  <\/div>\n  <style type=\"text\/css\">\n  .layout-143 .element_1670406359813 {\n      }\n\n    <\/style>\n  <style type=\"text\/css\">\n.layout-143 .element_1670406387751 {\n  overflow: hidden;\n  }\n\n.layout-143 .element_1670406387751 img {\n  max-width: 100%;\n  height: auto;\n}\n\n@media only screen and (min-width: 1024px) {\n  .layout-143 .element_1670406387751 {\n      }\n}\n\n@media only screen and (min-width: 768px) and (max-width: 1023px) {\n  .layout-143 .element_1670406387751 {\n      }\n}\n\n@media only screen and (min-width: 0px) and (max-width: 767px) {\n  .layout-143 .element_1670406387751 {\n      }\n}\n<\/style>\n<style type=\"text\/css\">\n.layout-143 .element_1670406365206 {\n  font-size: 20px;\n  margin: 10px 0;\n  text-align: left;\n  }\n\n.layout-143 .element_1670406365206 a {\n  font-size: 20px;\n  margin: 10px 0;\n  text-align: left;\n  }\n<\/style>\n\n\n  \n\n    <script>\n          <\/script>\n    <style type=\"text\/css\">\n    #post-grid-311 {\n      padding: 10px;\n      background-color: #fff9f9;\n          }\n\n    #post-grid-311 .item {\n      padding: 0px;\n      background: #efeeea;\n          }\n\n    #post-grid-311 .item .layer-media {\n      height:auto;    }\n\n    @media only screen and (min-width: 0px) and (max-width: 767px) {\n      #post-grid-311 .grid-items {\n        display: grid;\n        grid-template-columns: 1fr ;\n        column-gap: 30px;\n        row-gap: 30px;\n              }\n\n      #post-grid-311 .item {\n        height:auto;      }\n    }\n\n    @media only screen and (min-width: 768px) and (max-width: 1023px) {\n      #post-grid-311 .grid-items {\n        display: grid;\n        grid-template-columns: 1fr ;\n        column-gap: 30px;\n        row-gap: 30px;\n              }\n\n      #post-grid-311 .item {\n        max-height:auto;      }\n    }\n\n    @media only screen and (min-width: 1024px) {\n      #post-grid-311 .grid-items {\n        display: grid;\n        grid-template-columns: 1fr 1fr ;\n        column-gap: 30px;\n        row-gap: 30px;\n              }\n\n      #post-grid-311 .item {\n        height:auto;      }\n    }\n\n      <\/style>\n  <\/div>\n\n<\/div>\n<div class=\"col-md-1\"><\/div>\n<\/div>\n<\/div>\n","protected":false},"excerpt":{"rendered":"<a class=\"btn btn-primary read-more-button\" href=\"https:\/\/www.macardenete.com\/es\/el-profesor-cardenete-impartira-un-modulo-sobre-io-y-matices-de-contabilidad-social-en-la-escuela-internacional-de-input-output\/\">Leer m\u00e1s...<\/a>","protected":false},"author":1,"featured_media":0,"parent":0,"menu_order":0,"comment_status":"closed","ping_status":"closed","template":"pages-templates\/empty-page.php","meta":{"_acf_changed":false,"pgc_meta":"","inline_featured_image":false,"footnotes":""},"class_list":["post-15","page","type-page","status-publish","hentry"],"acf":[],"pgc_meta":"","jetpack_sharing_enabled":true,"_links":{"self":[{"href":"https:\/\/www.macardenete.com\/es\/wp-json\/wp\/v2\/pages\/15","targetHints":{"allow":["GET"]}}],"collection":[{"href":"https:\/\/www.macardenete.com\/es\/wp-json\/wp\/v2\/pages"}],"about":[{"href":"https:\/\/www.macardenete.com\/es\/wp-json\/wp\/v2\/types\/page"}],"author":[{"embeddable":true,"href":"https:\/\/www.macardenete.com\/es\/wp-json\/wp\/v2\/users\/1"}],"replies":[{"embeddable":true,"href":"https:\/\/www.macardenete.com\/es\/wp-json\/wp\/v2\/comments?post=15"}],"version-history":[{"count":17,"href":"https:\/\/www.macardenete.com\/es\/wp-json\/wp\/v2\/pages\/15\/revisions"}],"predecessor-version":[{"id":319,"href":"https:\/\/www.macardenete.com\/es\/wp-json\/wp\/v2\/pages\/15\/revisions\/319"}],"wp:attachment":[{"href":"https:\/\/www.macardenete.com\/es\/wp-json\/wp\/v2\/media?parent=15"}],"curies":[{"name":"wp","href":"https:\/\/api.w.org\/{rel}","templated":true}]}}