{"id":11,"date":"2022-12-01T15:54:31","date_gmt":"2022-12-01T15:54:31","guid":{"rendered":"http:\/\/www.macardenete.com\/desarrollo\/?page_id=11"},"modified":"2024-02-24T00:17:20","modified_gmt":"2024-02-23T23:17:20","slug":"investigacion","status":"publish","type":"page","link":"https:\/\/www.macardenete.com\/es\/investigacion\/","title":{"rendered":"Investigaci\u00f3n"},"content":{"rendered":"      <div id=\"post-grid-lazy-3975\" class=\"post-grid-lazy\"><img decoding=\"async\" alt=\"\" src=\"\" \/><\/div>\n    <script>\n      jQuery('#post-grid-lazy-3975').ready(function($) {\n        $('#post-grid-lazy-3975').fadeOut();\n        $('#post-grid-3975   ').fadeIn();\n      })\n    <\/script>\n    <style type=\"text\/css\">\n      #post-grid-3975 {\n        display: none;\n      }\n\n      .post-grid-lazy {\n        text-align: center;\n      }\n    <\/style>\n    <div data-options='{&quot;id&quot;:&quot;3975&quot;,&quot;lazy_load&quot;:&quot;yes&quot;,&quot;masonry_enable&quot;:&quot;no&quot;,&quot;view_type&quot;:&quot;grid&quot;}' id=\"post-grid-3975\" class=\"post-grid grid\">\n      <div class=\"post-grid-search ajax\">\n    <form grid_id=\"3975\" action=\"https:\/\/www.macardenete.com\/es\/investigacion\/\" method=\"get\">\n        <div class=\"field-wrap field-wrap-keyword\">\n\n    <span class=\"search-icon\"><i class=\"fas fa-search\"><\/i><\/span>\n    <input grid_id=\"3975\" title=\"Press enter to reset\" class=\"search\" type=\"text\" name=\"keyword\" placeholder=\"Introduce una palabra de b\u00fasqueda\" value=\"\">\n\n  <\/div>\n\n\n  <div class=\"field-wrap field-wrap-submit\">\n\n    <input type=\"hidden\" id=\"_wpnonce\" name=\"_wpnonce\" value=\"69f43b93a5\" \/>\n    <input type=\"submit\" value=\"Buscar.\">\n    <span class=\"search-loading\"><i class=\"fas fa-spinner fa-spin\"><\/i><\/span>\n\n  <\/div>\n\n\n  \n    <\/form>\n\n  <\/div>\n\n    <div class=\"grid-items\">\n      <div class=\"item item-4063 skin flat even 0 \">\n        <div class=\"layer-wrapper layout-3977\">\n      <div class=\" element_1708730350386\"\n  id=\"\">\n  <div class=\"element element_1708730396142  excerpt \">\n  ongoing  <\/div>\n<div class=\"element element_1708730373150  categories \">\n  <a target=\"_self\" href=\"https:\/\/www.macardenete.com\/es\/category\/investigacion\/tesis-doctorales\/\">Tesis doctorales<\/a><a target=\"_self\" href=\"https:\/\/www.macardenete.com\/es\/category\/investigacion\/tesis-doctorales\/tesis-doctorales-tesis-doctorales\/\">Tesis doctorales<\/a><\/div>\n<div class=\"element element_1708730405542  title \">\n    <a target=\"_self\"\n    href=\"https:\/\/www.macardenete.com\/es\/investigaciones\/analisis-de-la-politica-agraria-comun-en-espana-a-traves-de-modelos-multisectoriales\/\">Ignacio Garrido: \"An\u00e1lisis de la Pol\u00edtica Agraria Com\u00fan en Espa\u00f1a a trav\u00e9s de Modelos Multisectoriales\"<\/a>\n\n  \n\n<\/div>\n<\/div>\n<hr class=\"element element_1708730355856  hr \">\n<\/hr>\n    <\/div>\n  <\/div><div class=\"item item-719 skin flat odd 1 \">\n        <div class=\"layer-wrapper layout-3977\">\n      <div class=\" element_1708730350386\"\n  id=\"\">\n  <div class=\"element element_1708730396142  excerpt \">\n  2023  <\/div>\n<div class=\"element element_1708730373150  categories \">\n  <a target=\"_self\" href=\"https:\/\/www.macardenete.com\/es\/category\/investigacion\/\">Investigaci\u00f3n<\/a><a target=\"_self\" href=\"https:\/\/www.macardenete.com\/es\/category\/investigacion\/tesis-doctorales\/\">Tesis doctorales<\/a><a target=\"_self\" href=\"https:\/\/www.macardenete.com\/es\/category\/investigacion\/tesis-doctorales\/tesis-doctorales-tesis-doctorales\/\">Tesis doctorales<\/a><\/div>\n<div class=\"element element_1708730405542  title \">\n    <a target=\"_self\"\n    href=\"https:\/\/www.macardenete.com\/es\/investigaciones\/p-villegas-el-sector-del-turismo-en-andalucia-despues-de-la-covid-a-partir-de-modelos-de-equilibrio-general-aplicado\/\">P. Villegas: \u00abEl Sector del Turismo en Andaluc\u00eda despu\u00e9s de la COVID a partir de Modelos de Equilibrio General Aplicado\u00bb<\/a>\n\n  \n\n<\/div>\n<\/div>\n<hr class=\"element element_1708730355856  hr \">\n<\/hr>\n    <\/div>\n  <\/div><div class=\"item item-718 skin flat even 2 \">\n        <div class=\"layer-wrapper layout-3977\">\n      <div class=\" element_1708730350386\"\n  id=\"\">\n  <div class=\"element element_1708730396142  excerpt \">\n  2024  <\/div>\n<div class=\"element element_1708730373150  categories \">\n  <a target=\"_self\" href=\"https:\/\/www.macardenete.com\/es\/category\/investigacion\/\">Investigaci\u00f3n<\/a><a target=\"_self\" href=\"https:\/\/www.macardenete.com\/es\/category\/investigacion\/tesis-doctorales\/\">Tesis doctorales<\/a><a target=\"_self\" href=\"https:\/\/www.macardenete.com\/es\/category\/investigacion\/tesis-doctorales\/tesis-doctorales-tesis-doctorales\/\">Tesis doctorales<\/a><\/div>\n<div class=\"element element_1708730405542  title \">\n    <a target=\"_self\"\n    href=\"https:\/\/www.macardenete.com\/es\/investigaciones\/c-m-garcia-impacto-del-petroleo-en-la-economia-mexicana-a-traves-de-modelos-multisectoriales\/\">C. M. Garc\u00eda: \u00abImpacto del Petr\u00f3leo en la Econom\u00eda Mexicana a trav\u00e9s de Modelos Multisectoriales\u00bb<\/a>\n\n  \n\n<\/div>\n<\/div>\n<hr class=\"element element_1708730355856  hr \">\n<\/hr>\n    <\/div>\n  <\/div><div class=\"item item-709 skin flat odd 3 \">\n        <div class=\"layer-wrapper layout-3977\">\n      <div class=\" element_1708730350386\"\n  id=\"\">\n  <div class=\"element element_1708730396142  excerpt \">\n  2021  <\/div>\n<div class=\"element element_1708730373150  categories \">\n  <a target=\"_self\" href=\"https:\/\/www.macardenete.com\/es\/category\/investigacion\/\">Investigaci\u00f3n<\/a><a target=\"_self\" href=\"https:\/\/www.macardenete.com\/es\/category\/investigacion\/tesis-doctorales\/tesis-de-master\/\">Tesis de master<\/a><a target=\"_self\" href=\"https:\/\/www.macardenete.com\/es\/category\/investigacion\/tesis-doctorales\/\">Tesis doctorales<\/a><\/div>\n<div class=\"element element_1708730405542  title \">\n    <a target=\"_self\"\n    href=\"https:\/\/www.macardenete.com\/es\/investigaciones\/p-villegas-impacto-economico-del-covid-19-en-el-turismo-andaluz-a-partir-de-un-modelo-lineal-de-equilibrio-general-aplicado\/\">P. Villegas: \u201cImpacto Econ\u00f3mico del COVID-19 en el turismo andaluz a partir de un modelo lineal de equilibrio general aplicado\u201d<\/a>\n\n  \n\n<\/div>\n<\/div>\n<hr class=\"element element_1708730355856  hr \">\n<\/hr>\n    <\/div>\n  <\/div><div class=\"item item-717 skin flat even 4 \">\n        <div class=\"layer-wrapper layout-3977\">\n      <div class=\" element_1708730350386\"\n  id=\"\">\n  <div class=\"element element_1708730396142  excerpt \">\n  2020  <\/div>\n<div class=\"element element_1708730373150  categories \">\n  <a target=\"_self\" href=\"https:\/\/www.macardenete.com\/es\/category\/investigacion\/\">Investigaci\u00f3n<\/a><a target=\"_self\" href=\"https:\/\/www.macardenete.com\/es\/category\/investigacion\/tesis-doctorales\/\">Tesis doctorales<\/a><a target=\"_self\" href=\"https:\/\/www.macardenete.com\/es\/category\/investigacion\/tesis-doctorales\/tesis-doctorales-tesis-doctorales\/\">Tesis doctorales<\/a><\/div>\n<div class=\"element element_1708730405542  title \">\n    <a target=\"_self\"\n    href=\"https:\/\/www.macardenete.com\/es\/investigaciones\/g-cardona-impacto-del-turismo-en-la-economia-mejicana-una-aproximacion-a-traves-de-un-mega\/\">G. Cardona: \u00abImpacto del Turismo en la Econom\u00eda Mejicana. Una Aproximaci\u00f3n a trav\u00e9s de un MEGA\u00bb<\/a>\n\n  \n\n<\/div>\n<\/div>\n<hr class=\"element element_1708730355856  hr \">\n<\/hr>\n    <\/div>\n  <\/div><div class=\"item item-716 skin flat odd 5 \">\n        <div class=\"layer-wrapper layout-3977\">\n      <div class=\" element_1708730350386\"\n  id=\"\">\n  <div class=\"element element_1708730396142  excerpt \">\n  2019  <\/div>\n<div class=\"element element_1708730373150  categories \">\n  <a target=\"_self\" href=\"https:\/\/www.macardenete.com\/es\/category\/investigacion\/\">Investigaci\u00f3n<\/a><a target=\"_self\" href=\"https:\/\/www.macardenete.com\/es\/category\/investigacion\/tesis-doctorales\/\">Tesis doctorales<\/a><a target=\"_self\" href=\"https:\/\/www.macardenete.com\/es\/category\/investigacion\/tesis-doctorales\/tesis-doctorales-tesis-doctorales\/\">Tesis doctorales<\/a><\/div>\n<div class=\"element element_1708730405542  title \">\n    <a target=\"_self\"\n    href=\"https:\/\/www.macardenete.com\/es\/investigaciones\/j-garcia-tapial-impacto-economico-de-la-creacion-de-empresas-en-el-crecimiento-de-la-economia\/\">J. Garc\u00eda-Tapial, \u00abImpacto Economico de la Creacion de Empresas en el Crecimiento de la Econom\u00eda\u00bb<\/a>\n\n  \n\n<\/div>\n<\/div>\n<hr class=\"element element_1708730355856  hr \">\n<\/hr>\n    <\/div>\n  <\/div><div class=\"item item-715 skin flat even 6 \">\n        <div class=\"layer-wrapper layout-3977\">\n      <div class=\" element_1708730350386\"\n  id=\"\">\n  <div class=\"element element_1708730396142  excerpt \">\n  2016  <\/div>\n<div class=\"element element_1708730373150  categories \">\n  <a target=\"_self\" href=\"https:\/\/www.macardenete.com\/es\/category\/investigacion\/\">Investigaci\u00f3n<\/a><a target=\"_self\" href=\"https:\/\/www.macardenete.com\/es\/category\/investigacion\/tesis-doctorales\/\">Tesis doctorales<\/a><a target=\"_self\" href=\"https:\/\/www.macardenete.com\/es\/category\/investigacion\/tesis-doctorales\/tesis-doctorales-tesis-doctorales\/\">Tesis doctorales<\/a><\/div>\n<div class=\"element element_1708730405542  title \">\n    <a target=\"_self\"\n    href=\"https:\/\/www.macardenete.com\/es\/investigaciones\/r-lopez-cabaco-impacto-economico-de-los-sistemas-de-transporte-en-andalucia-a-traves-de-modelos-multisectoriales\/\">R. Lopez Cabaco: \u00abImpacto Econ\u00f3mico de los Sistemas de Transporte en Andaluc\u00eda a trav\u00e9s de Modelos Multisectoriales\u00bb<\/a>\n\n  \n\n<\/div>\n<\/div>\n<hr class=\"element element_1708730355856  hr \">\n<\/hr>\n    <\/div>\n  <\/div><div class=\"item item-714 skin flat odd 7 \">\n        <div class=\"layer-wrapper layout-3977\">\n      <div class=\" element_1708730350386\"\n  id=\"\">\n  <div class=\"element element_1708730396142  excerpt \">\n  2015  <\/div>\n<div class=\"element element_1708730373150  categories \">\n  <a target=\"_self\" href=\"https:\/\/www.macardenete.com\/es\/category\/investigacion\/\">Investigaci\u00f3n<\/a><a target=\"_self\" href=\"https:\/\/www.macardenete.com\/es\/category\/investigacion\/tesis-doctorales\/\">Tesis doctorales<\/a><a target=\"_self\" href=\"https:\/\/www.macardenete.com\/es\/category\/investigacion\/tesis-doctorales\/tesis-doctorales-tesis-doctorales\/\">Tesis doctorales<\/a><\/div>\n<div class=\"element element_1708730405542  title \">\n    <a target=\"_self\"\n    href=\"https:\/\/www.macardenete.com\/es\/investigaciones\/j-lopez-analisis-estructural-de-la-economia-andaluza-a-traves-de-modelos-multisectoriales-1995-2005%e2%80%b3\/\">J. L\u00f3pez: \u201cAn\u00e1lisis Estructural de la Econom\u00eda Andaluza a trav\u00e9s de Modelos Multisectoriales: 1995-2005\u2033<\/a>\n\n  \n\n<\/div>\n<\/div>\n<hr class=\"element element_1708730355856  hr \">\n<\/hr>\n    <\/div>\n  <\/div><div class=\"item item-713 skin flat even 8 \">\n        <div class=\"layer-wrapper layout-3977\">\n      <div class=\" element_1708730350386\"\n  id=\"\">\n  <div class=\"element element_1708730396142  excerpt \">\n  2014  <\/div>\n<div class=\"element element_1708730373150  categories \">\n  <a target=\"_self\" href=\"https:\/\/www.macardenete.com\/es\/category\/investigacion\/\">Investigaci\u00f3n<\/a><a target=\"_self\" href=\"https:\/\/www.macardenete.com\/es\/category\/investigacion\/tesis-doctorales\/\">Tesis doctorales<\/a><a target=\"_self\" href=\"https:\/\/www.macardenete.com\/es\/category\/investigacion\/tesis-doctorales\/tesis-doctorales-tesis-doctorales\/\">Tesis doctorales<\/a><\/div>\n<div class=\"element element_1708730405542  title \">\n    <a target=\"_self\"\n    href=\"https:\/\/www.macardenete.com\/es\/investigaciones\/m-c-delgado-analisis-de-los-fondos-europeos-a-partir-de-de-2013-mediante-un-modelo-de-equilibrio-general-aplicado-dinamico\/\">M.C. Delgado: \u201cAn\u00e1lisis de los Fondos Europeos a partir de de 2013 mediante un Modelo de Equilibrio General Aplicado Din\u00e1mico\u201d<\/a>\n\n  \n\n<\/div>\n<\/div>\n<hr class=\"element element_1708730355856  hr \">\n<\/hr>\n    <\/div>\n  <\/div><div class=\"item item-708 skin flat odd 9 \">\n        <div class=\"layer-wrapper layout-3977\">\n      <div class=\" element_1708730350386\"\n  id=\"\">\n  <div class=\"element element_1708730396142  excerpt \">\n  2012  <\/div>\n<div class=\"element element_1708730373150  categories \">\n  <a target=\"_self\" href=\"https:\/\/www.macardenete.com\/es\/category\/investigacion\/\">Investigaci\u00f3n<\/a><a target=\"_self\" href=\"https:\/\/www.macardenete.com\/es\/category\/investigacion\/tesis-doctorales\/tesis-de-master\/\">Tesis de master<\/a><a target=\"_self\" href=\"https:\/\/www.macardenete.com\/es\/category\/investigacion\/tesis-doctorales\/\">Tesis doctorales<\/a><\/div>\n<div class=\"element element_1708730405542  title \">\n    <a target=\"_self\"\n    href=\"https:\/\/www.macardenete.com\/es\/investigaciones\/r-lopez-cabaco-analisis-del-impacto-de-airbus-military-en-andalucia-y-sevilla-a-traves-de-un-modelo-multisectorial\/\">R. L\u00f3pez Cabaco: \u00abAn\u00e1lisis del Impacto de AIRBUS Military en Andaluc\u00eda y Sevilla a trav\u00e9s de un Modelo Multisectorial\u00bb<\/a>\n\n  \n\n<\/div>\n<\/div>\n<hr class=\"element element_1708730355856  hr \">\n<\/hr>\n    <\/div>\n  <\/div><div class=\"item item-712 skin flat even 10 \">\n        <div class=\"layer-wrapper layout-3977\">\n      <div class=\" element_1708730350386\"\n  id=\"\">\n  <div class=\"element element_1708730396142  excerpt \">\n  2011  <\/div>\n<div class=\"element element_1708730373150  categories \">\n  <a target=\"_self\" href=\"https:\/\/www.macardenete.com\/es\/category\/investigacion\/\">Investigaci\u00f3n<\/a><a target=\"_self\" href=\"https:\/\/www.macardenete.com\/es\/category\/investigacion\/tesis-doctorales\/\">Tesis doctorales<\/a><a target=\"_self\" href=\"https:\/\/www.macardenete.com\/es\/category\/investigacion\/tesis-doctorales\/tesis-doctorales-tesis-doctorales\/\">Tesis doctorales<\/a><\/div>\n<div class=\"element element_1708730405542  title \">\n    <a target=\"_self\"\n    href=\"https:\/\/www.macardenete.com\/es\/investigaciones\/m-ordonez-analisis-del-sector-energetico-espanol-a-traves-de-matrices-de-contabilidad-social\/\">M. Ord\u00f3\u00f1ez: \u201cAn\u00e1lisis del Sector Energ\u00e9tico Espa\u00f1ol a trav\u00e9s de Matrices de Contabilidad Social\u201d<\/a>\n\n  \n\n<\/div>\n<\/div>\n<hr class=\"element element_1708730355856  hr \">\n<\/hr>\n    <\/div>\n  <\/div><div class=\"item item-711 skin flat odd 11 \">\n        <div class=\"layer-wrapper layout-3977\">\n      <div class=\" element_1708730350386\"\n  id=\"\">\n  <div class=\"element element_1708730396142  excerpt \">\n  2010  <\/div>\n<div class=\"element element_1708730373150  categories \">\n  <a target=\"_self\" href=\"https:\/\/www.macardenete.com\/es\/category\/investigacion\/\">Investigaci\u00f3n<\/a><a target=\"_self\" href=\"https:\/\/www.macardenete.com\/es\/category\/investigacion\/tesis-doctorales\/\">Tesis doctorales<\/a><a target=\"_self\" href=\"https:\/\/www.macardenete.com\/es\/category\/investigacion\/tesis-doctorales\/tesis-doctorales-tesis-doctorales\/\">Tesis doctorales<\/a><\/div>\n<div class=\"element element_1708730405542  title \">\n    <a target=\"_self\"\n    href=\"https:\/\/www.macardenete.com\/es\/investigaciones\/p-fuentes-analisis-de-la-energia-en-la-economia-andaluza-una-aproximacion-mediante-modelos-multisectoriales\/\">P. Fuentes: \u201cAn\u00e1lisis de la Energ\u00eda en la Econom\u00eda Andaluza. Una Aproximaci\u00f3n mediante Modelos Multisectoriales\u201d<\/a>\n\n  \n\n<\/div>\n<\/div>\n<hr class=\"element element_1708730355856  hr \">\n<\/hr>\n    <\/div>\n  <\/div><div class=\"item item-707 skin flat even 12 \">\n        <div class=\"layer-wrapper layout-3977\">\n      <div class=\" element_1708730350386\"\n  id=\"\">\n  <div class=\"element element_1708730396142  excerpt \">\n  2010  <\/div>\n<div class=\"element element_1708730373150  categories \">\n  <a target=\"_self\" href=\"https:\/\/www.macardenete.com\/es\/category\/investigacion\/\">Investigaci\u00f3n<\/a><a target=\"_self\" href=\"https:\/\/www.macardenete.com\/es\/category\/investigacion\/tesis-doctorales\/tesis-de-master\/\">Tesis de master<\/a><a target=\"_self\" href=\"https:\/\/www.macardenete.com\/es\/category\/investigacion\/tesis-doctorales\/\">Tesis doctorales<\/a><\/div>\n<div class=\"element element_1708730405542  title \">\n    <a target=\"_self\"\n    href=\"https:\/\/www.macardenete.com\/es\/investigaciones\/j-lopez-analisis-estructural-de-la-economia-andaluza-1995-2005%e2%80%b3\/\">J. L\u00f3pez: \u201cAn\u00e1lisis Estructural de la Econom\u00eda Andaluza: 1995-2005\u2033<\/a>\n\n  \n\n<\/div>\n<\/div>\n<hr class=\"element element_1708730355856  hr \">\n<\/hr>\n    <\/div>\n  <\/div><div class=\"item item-706 skin flat odd 13 \">\n        <div class=\"layer-wrapper layout-3977\">\n      <div class=\" element_1708730350386\"\n  id=\"\">\n  <div class=\"element element_1708730396142  excerpt \">\n  2010  <\/div>\n<div class=\"element element_1708730373150  categories \">\n  <a target=\"_self\" href=\"https:\/\/www.macardenete.com\/es\/category\/investigacion\/\">Investigaci\u00f3n<\/a><a target=\"_self\" href=\"https:\/\/www.macardenete.com\/es\/category\/investigacion\/tesis-doctorales\/tesis-de-master\/\">Tesis de master<\/a><a target=\"_self\" href=\"https:\/\/www.macardenete.com\/es\/category\/investigacion\/tesis-doctorales\/\">Tesis doctorales<\/a><\/div>\n<div class=\"element element_1708730405542  title \">\n    <a target=\"_self\"\n    href=\"https:\/\/www.macardenete.com\/es\/investigaciones\/m-c-delgado-analisis-de-los-fondos-publicos-en-la-economia-georgiana\/\">M.C. Delgado: \u201cAn\u00e1lisis de los Fondos P\u00fablicos en la Econom\u00eda Georgiana\u201d<\/a>\n\n  \n\n<\/div>\n<\/div>\n<hr class=\"element element_1708730355856  hr \">\n<\/hr>\n    <\/div>\n  <\/div><div class=\"item item-705 skin flat even 14 \">\n        <div class=\"layer-wrapper layout-3977\">\n      <div class=\" element_1708730350386\"\n  id=\"\">\n  <div class=\"element element_1708730396142  excerpt \">\n  2009  <\/div>\n<div class=\"element element_1708730373150  categories \">\n  <a target=\"_self\" href=\"https:\/\/www.macardenete.com\/es\/category\/investigacion\/\">Investigaci\u00f3n<\/a><a target=\"_self\" href=\"https:\/\/www.macardenete.com\/es\/category\/investigacion\/tesis-doctorales\/tesis-de-master\/\">Tesis de master<\/a><a target=\"_self\" href=\"https:\/\/www.macardenete.com\/es\/category\/investigacion\/tesis-doctorales\/\">Tesis doctorales<\/a><\/div>\n<div class=\"element element_1708730405542  title \">\n    <a target=\"_self\"\n    href=\"https:\/\/www.macardenete.com\/es\/investigaciones\/m-ordonez-descomposicion-de-multiplicadores-a-traves-de-mcs-andalucia-1995-2000-2005-una-aproximacion-a-la-energia\/\">M. Ordo\u00f1ez: \u201cDescomposici\u00f3n de Multiplicadores a trav\u00e9s de MCS: Andaluc\u00eda 1995-2000-2005. Una Aproximaci\u00f3n a la Energ\u00eda\u201d<\/a>\n\n  \n\n<\/div>\n<\/div>\n<hr class=\"element element_1708730355856  hr \">\n<\/hr>\n    <\/div>\n  <\/div><div class=\"item item-710 skin flat odd 15 \">\n        <div class=\"layer-wrapper layout-3977\">\n      <div class=\" element_1708730350386\"\n  id=\"\">\n  <div class=\"element element_1708730396142  excerpt \">\n  2008  <\/div>\n<div class=\"element element_1708730373150  categories \">\n  <a target=\"_self\" href=\"https:\/\/www.macardenete.com\/es\/category\/investigacion\/\">Investigaci\u00f3n<\/a><a target=\"_self\" href=\"https:\/\/www.macardenete.com\/es\/category\/investigacion\/tesis-doctorales\/\">Tesis doctorales<\/a><a target=\"_self\" href=\"https:\/\/www.macardenete.com\/es\/category\/investigacion\/tesis-doctorales\/tesis-doctorales-tesis-doctorales\/\">Tesis doctorales<\/a><\/div>\n<div class=\"element element_1708730405542  title \">\n    <a target=\"_self\"\n    href=\"https:\/\/www.macardenete.com\/es\/investigaciones\/c-lima-analisis-de-fondos-europeos-para-la-economia-andaluza-a-partir-de-modelos-multisectoriales\/\">C. Lima: \u201cAn\u00e1lisis de Fondos Europeos para la Econom\u00eda Andaluza a partir de Modelos Multisectoriales\u201d<\/a>\n\n  \n\n<\/div>\n<\/div>\n<hr class=\"element element_1708730355856  hr \">\n<\/hr>\n    <\/div>\n  <\/div><div class=\"item item-704 skin flat even 16 \">\n        <div class=\"layer-wrapper layout-3977\">\n      <div class=\" element_1708730350386\"\n  id=\"\">\n  <div class=\"element element_1708730396142  excerpt \">\n  2008  <\/div>\n<div class=\"element element_1708730373150  categories \">\n  <a target=\"_self\" href=\"https:\/\/www.macardenete.com\/es\/category\/investigacion\/\">Investigaci\u00f3n<\/a><a target=\"_self\" href=\"https:\/\/www.macardenete.com\/es\/category\/investigacion\/tesis-doctorales\/tesis-de-master\/\">Tesis de master<\/a><a target=\"_self\" href=\"https:\/\/www.macardenete.com\/es\/category\/investigacion\/tesis-doctorales\/\">Tesis doctorales<\/a><\/div>\n<div class=\"element element_1708730405542  title \">\n    <a target=\"_self\"\n    href=\"https:\/\/www.macardenete.com\/es\/investigaciones\/j-pulido-analisis-de-cambios-en-los-precios-agricolas-en-la-economia-andaluza-a-partir-de-modelos-multisectoriales\/\">J. Pulido: \u201cAn\u00e1lisis de cambios en los Precios Agr\u00edcolas en la Econom\u00eda Andaluza a partir de Modelos Multisectoriales\u201d<\/a>\n\n  \n\n<\/div>\n<\/div>\n<hr class=\"element element_1708730355856  hr \">\n<\/hr>\n    <\/div>\n  <\/div>    <\/div>\n    <div class=\"pagination\">\n      <div class=\"paginate\">\n      <\/div>\n  <style type=\"text\/css\">\n    #post-grid-3975 .pagination .page-numbers {\n      font-size: 16px;\n      color: #fff;\n      background: #646464;\n    }\n\n    #post-grid-3975 .pagination .page-numbers:hover,\n    #post-grid-3975 .pagination .page-numbers.current {\n      background: #4b4b4b;\n    }\n  <\/style>\n  <\/div>\n  <style type=\"text\/css\">\n  .layout-3977 .element_1708730350386 {\n      }\n\n    <\/style>\n  <style type=\"text\/css\">\n.layout-3977 .element_1708730396142 {\n  text-align: left;\n  }\n\n.layout-3977 .element_1708730396142 a {\n  }\n<\/style>\n<style type=\"text\/css\">\n.layout-3977 .element_1708730373150 {\n  text-align: left;\n  }\n\n.layout-3977 .element_1708730373150 a {\n  }\n\n<\/style>\n<style type=\"text\/css\">\n.layout-3977 .element_1708730405542 {\n  text-align: left;\n  }\n\n.layout-3977 .element_1708730405542 a {\n  text-align: left;\n  }\n<\/style>\n<style type=\"text\/css\">\n.layout-3977 .element_1708730355856 {\n  }\n\n<\/style>\n\n\n  \n\n    <script>\n          <\/script>\n    <style type=\"text\/css\">\n    #post-grid-3975 {\n      padding: 10px;\n          }\n\n    #post-grid-3975 .item {\n      padding: 0px;\n      background: #fff;\n          }\n\n    #post-grid-3975 .item .layer-media {\n      height:auto;    }\n\n    @media only screen and (min-width: 0px) and (max-width: 767px) {\n      #post-grid-3975 .grid-items {\n        display: grid;\n        grid-template-columns: 1fr ;\n        column-gap: 10px;\n        row-gap: 10px;\n              }\n\n      #post-grid-3975 .item {\n        height:auto;      }\n    }\n\n    @media only screen and (min-width: 768px) and (max-width: 1023px) {\n      #post-grid-3975 .grid-items {\n        display: grid;\n        grid-template-columns: 1fr ;\n        column-gap: 10px;\n        row-gap: 10px;\n              }\n\n      #post-grid-3975 .item {\n        max-height:auto;      }\n    }\n\n    @media only screen and (min-width: 1024px) {\n      #post-grid-3975 .grid-items {\n        display: grid;\n        grid-template-columns: 1fr ;\n        column-gap: 10px;\n        row-gap: 10px;\n              }\n\n      #post-grid-3975 .item {\n        height:auto;      }\n    }\n\n      <\/style>\n  <\/div>\n\n","protected":false},"excerpt":{"rendered":"<a class=\"btn btn-primary read-more-button\" href=\"https:\/\/www.macardenete.com\/es\/investigaciones\/j-pulido-analisis-de-cambios-en-los-precios-agricolas-en-la-economia-andaluza-a-partir-de-modelos-multisectoriales\/\">Leer m\u00e1s...<\/a>","protected":false},"author":1,"featured_media":0,"parent":0,"menu_order":0,"comment_status":"closed","ping_status":"closed","template":"pages-templates\/left-sidebar.php","meta":{"_acf_changed":false,"pgc_meta":"","inline_featured_image":false,"footnotes":""},"class_list":["post-11","page","type-page","status-publish","hentry"],"acf":[],"pgc_meta":"","jetpack_sharing_enabled":true,"_links":{"self":[{"href":"https:\/\/www.macardenete.com\/es\/wp-json\/wp\/v2\/pages\/11","targetHints":{"allow":["GET"]}}],"collection":[{"href":"https:\/\/www.macardenete.com\/es\/wp-json\/wp\/v2\/pages"}],"about":[{"href":"https:\/\/www.macardenete.com\/es\/wp-json\/wp\/v2\/types\/page"}],"author":[{"embeddable":true,"href":"https:\/\/www.macardenete.com\/es\/wp-json\/wp\/v2\/users\/1"}],"replies":[{"embeddable":true,"href":"https:\/\/www.macardenete.com\/es\/wp-json\/wp\/v2\/comments?post=11"}],"version-history":[{"count":3,"href":"https:\/\/www.macardenete.com\/es\/wp-json\/wp\/v2\/pages\/11\/revisions"}],"predecessor-version":[{"id":3976,"href":"https:\/\/www.macardenete.com\/es\/wp-json\/wp\/v2\/pages\/11\/revisions\/3976"}],"wp:attachment":[{"href":"https:\/\/www.macardenete.com\/es\/wp-json\/wp\/v2\/media?parent=11"}],"curies":[{"name":"wp","href":"https:\/\/api.w.org\/{rel}","templated":true}]}}